{"id":1686,"date":"2024-07-10T19:36:43","date_gmt":"2024-07-10T19:36:43","guid":{"rendered":"https:\/\/neurobiodiversidade.org\/?page_id=1686"},"modified":"2024-07-14T18:38:30","modified_gmt":"2024-07-14T18:38:30","slug":"biblioteca","status":"publish","type":"page","link":"https:\/\/neurobiodiversidade.org\/en\/biblioteca\/","title":{"rendered":"Library"},"content":{"rendered":"<div data-elementor-type=\"wp-page\" data-elementor-id=\"1686\" class=\"elementor elementor-1686\" data-elementor-settings=\"{&quot;ha_cmc_init_switcher&quot;:&quot;no&quot;}\" data-elementor-post-type=\"page\">\n\t\t\t\t<div class=\"elementor-element elementor-element-d3e3d26 e-flex e-con-boxed e-con e-parent\" data-id=\"d3e3d26\" data-element_type=\"container\" data-e-type=\"container\" data-settings=\"{&quot;jet_parallax_layout_list&quot;:[],&quot;_ha_eqh_enable&quot;:false}\">\n\t\t\t\t\t<div class=\"e-con-inner\">\n\t\t\t\t<div class=\"elementor-element elementor-element-3742675 elementor-widget elementor-widget-button\" data-id=\"3742675\" data-element_type=\"widget\" data-e-type=\"widget\" data-widget_type=\"button.default\">\n\t\t\t\t<div class=\"elementor-widget-container\">\n\t\t\t\t\t\t\t\t\t<div class=\"elementor-button-wrapper\">\n\t\t\t\t\t<a class=\"elementor-button elementor-button-link elementor-size-sm\" href=\"#\">\n\t\t\t\t\t\t<span class=\"elementor-button-content-wrapper\">\n\t\t\t\t\t\t<span class=\"elementor-button-icon\">\n\t\t\t\t<svg xmlns=\"http:\/\/www.w3.org\/2000\/svg\" width=\"16\" height=\"17\" viewbox=\"0 0 16 17\" fill=\"none\"><rect y=\"0.875\" width=\"15.25\" height=\"15.25\" rx=\"7.09302\" fill=\"#0096FE\"><\/rect><g clip-path=\"url(#clip0_737_1985)\"><path d=\"M10.6911 8.98541C10.429 8.98546 10.1772 9.08761 9.98907 9.27021L9.58907 9.0702C9.91558 7.99937 9.31218 6.86662 8.24136 6.54012C7.84966 6.4207 7.43096 6.4227 7.04043 6.54587L6.80597 6.12255C7.1823 5.71047 7.15332 5.07132 6.74124 4.695C6.32915 4.31867 5.69002 4.34764 5.31369 4.75973C4.93735 5.17182 4.96633 5.81095 5.37842 6.18728C5.56536 6.358 5.80957 6.45234 6.06273 6.4516C6.11132 6.45022 6.15975 6.44536 6.20766 6.43707L6.44008 6.857C5.55972 7.51031 5.36215 8.74706 5.99515 9.64213L5.01068 10.5881C4.48841 10.3542 3.87543 10.5879 3.64154 11.1102C3.40765 11.6325 3.64141 12.2455 4.16368 12.4794C4.68595 12.7132 5.29893 12.4795 5.53283 11.9572C5.66315 11.6662 5.65223 11.3314 5.50326 11.0495L6.46812 10.1222C7.36971 10.7752 8.6299 10.5742 9.28367 9.67319L9.68908 9.87589C9.68267 9.9166 9.67885 9.95767 9.67759 9.99887C9.67759 10.5586 10.1314 11.0124 10.6911 11.0124C11.2509 11.0124 11.7046 10.5587 11.7046 9.99893C11.7046 9.43919 11.2509 8.98541 10.6911 8.98541Z\" fill=\"white\"><\/path><\/g><defs><clippath id=\"clip0_737_1985\"><rect width=\"8.15698\" height=\"8.15698\" fill=\"white\" transform=\"translate(3.54688 4.42188)\"><\/rect><\/clippath><\/defs><\/svg>\t\t\t<\/span>\n\t\t\t\t\t\t\t\t\t<span class=\"elementor-button-text\">Explore the files<\/span>\n\t\t\t\t\t<\/span>\n\t\t\t\t\t<\/a>\n\t\t\t\t<\/div>\n\t\t\t\t\t\t\t\t<\/div>\n\t\t\t\t<\/div>\n\t\t\t\t<div class=\"elementor-element elementor-element-63b9279 elementor-widget__width-initial elementor-widget elementor-widget-heading\" data-id=\"63b9279\" data-element_type=\"widget\" data-e-type=\"widget\" data-widget_type=\"heading.default\">\n\t\t\t\t<div class=\"elementor-widget-container\">\n\t\t\t\t\t<h2 class=\"elementor-heading-title elementor-size-default\">The largest collection of cetacean brains in the world <span style=\"color: #0096FE\">\nLatin America\n<\/span> \n\n<\/h2>\t\t\t\t<\/div>\n\t\t\t\t<\/div>\n\t\t\t\t\t<\/div>\n\t\t\t\t<\/div>\n\t\t<div class=\"elementor-element elementor-element-f6e8986 e-flex e-con-boxed e-con e-parent\" data-id=\"f6e8986\" data-element_type=\"container\" data-e-type=\"container\" data-settings=\"{&quot;jet_parallax_layout_list&quot;:[],&quot;_ha_eqh_enable&quot;:false}\">\n\t\t\t\t\t<div class=\"e-con-inner\">\n\t\t\t\t<div class=\"elementor-element elementor-element-d539468 ha-advanced-tooltip-top ha-gb-stripe ha-gb-row ha-gb-right ha-gb-top ha-has-bg-overlay elementor-widget elementor-widget-jet-listing-grid\" data-id=\"d539468\" data-element_type=\"widget\" data-e-type=\"widget\" data-settings=\"{&quot;columns&quot;:&quot;4&quot;,&quot;columns_tablet&quot;:&quot;3&quot;,&quot;columns_mobile&quot;:&quot;1&quot;}\" data-widget_type=\"jet-listing-grid.default\">\n\t\t\t\t<div class=\"elementor-widget-container\">\n\t\t\t\t\t<div class=\"jet-listing-grid jet-listing-grid--lazy-load jet-listing jet-listing-grid-loading\" data-lazy-load=\"{&quot;offset&quot;:&quot;0px&quot;,&quot;post_id&quot;:1686,&quot;queried_id&quot;:&quot;1686|WP_Post&quot;}\"><div class=\"jet-listing-grid__loader\"><div class=\"jet-listing-grid__loader-spinner\"><\/div><\/div><\/div>\t\t\t\t<\/div>\n\t\t\t\t<\/div>\n\t\t\t\t\t<\/div>\n\t\t\t\t<\/div>\n\t\t\t\t<\/div>","protected":false},"excerpt":{"rendered":"<p>Explore os arquivos A maior cole\u00e7\u00e3o de c\u00e9rebros de cet\u00e1ceos da Am\u00e9rica Latina<\/p>","protected":false},"author":1,"featured_media":0,"parent":0,"menu_order":0,"comment_status":"closed","ping_status":"closed","template":"elementor_header_footer","meta":{"footnotes":""},"class_list":["post-1686","page","type-page","status-publish","hentry"],"yoast_head":"<!-- This site is optimized with the Yoast SEO plugin v27.5 - https:\/\/yoast.com\/product\/yoast-seo-wordpress\/ -->\n<title>Biblioteca - neurobiodiversidade.org<\/title>\n<meta name=\"robots\" content=\"index, follow, max-snippet:-1, max-image-preview:large, max-video-preview:-1\" \/>\n<link rel=\"canonical\" href=\"https:\/\/neurobiodiversidade.org\/en\/biblioteca\/\" \/>\n<meta property=\"og:locale\" content=\"en_US\" \/>\n<meta property=\"og:type\" content=\"article\" \/>\n<meta property=\"og:title\" content=\"Biblioteca - neurobiodiversidade.org\" \/>\n<meta property=\"og:description\" content=\"Explore os arquivos A maior cole\u00e7\u00e3o de c\u00e9rebros de cet\u00e1ceos da Am\u00e9rica Latina\" \/>\n<meta property=\"og:url\" content=\"https:\/\/neurobiodiversidade.org\/en\/biblioteca\/\" \/>\n<meta property=\"og:site_name\" content=\"neurobiodiversidade.org\" \/>\n<meta property=\"article:modified_time\" content=\"2024-07-14T18:38:30+00:00\" \/>\n<meta property=\"og:image\" content=\"https:\/\/neurobiodiversidade.org\/wp-content\/uploads\/2024\/07\/cropped-fav.jpg\" \/>\n\t<meta property=\"og:image:width\" content=\"512\" \/>\n\t<meta property=\"og:image:height\" content=\"512\" \/>\n\t<meta property=\"og:image:type\" content=\"image\/jpeg\" \/>\n<meta name=\"twitter:card\" content=\"summary_large_image\" \/>\n<meta name=\"twitter:label1\" content=\"Est. reading time\" \/>\n\t<meta name=\"twitter:data1\" content=\"1 minute\" \/>\n<script type=\"application\/ld+json\" class=\"yoast-schema-graph\">{\"@context\":\"https:\\\/\\\/schema.org\",\"@graph\":[{\"@type\":\"WebPage\",\"@id\":\"https:\\\/\\\/neurobiodiversidade.org\\\/biblioteca\\\/\",\"url\":\"https:\\\/\\\/neurobiodiversidade.org\\\/biblioteca\\\/\",\"name\":\"Biblioteca - neurobiodiversidade.org\",\"isPartOf\":{\"@id\":\"https:\\\/\\\/neurobiodiversidade.org\\\/#website\"},\"datePublished\":\"2024-07-10T19:36:43+00:00\",\"dateModified\":\"2024-07-14T18:38:30+00:00\",\"breadcrumb\":{\"@id\":\"https:\\\/\\\/neurobiodiversidade.org\\\/biblioteca\\\/#breadcrumb\"},\"inLanguage\":\"en-US\",\"potentialAction\":[{\"@type\":\"ReadAction\",\"target\":[\"https:\\\/\\\/neurobiodiversidade.org\\\/biblioteca\\\/\"]}]},{\"@type\":\"BreadcrumbList\",\"@id\":\"https:\\\/\\\/neurobiodiversidade.org\\\/biblioteca\\\/#breadcrumb\",\"itemListElement\":[{\"@type\":\"ListItem\",\"position\":1,\"name\":\"In\u00edcio\",\"item\":\"https:\\\/\\\/neurobiodiversidade.org\\\/\"},{\"@type\":\"ListItem\",\"position\":2,\"name\":\"Biblioteca\"}]},{\"@type\":\"WebSite\",\"@id\":\"https:\\\/\\\/neurobiodiversidade.org\\\/#website\",\"url\":\"https:\\\/\\\/neurobiodiversidade.org\\\/\",\"name\":\"neurobiodiversidade.org\",\"description\":\"A maior cole\u00e7\u00e3o de c\u00e9rebros de cet\u00e1ceos da Am\u00e9rica Latina\",\"publisher\":{\"@id\":\"https:\\\/\\\/neurobiodiversidade.org\\\/#organization\"},\"potentialAction\":[{\"@type\":\"SearchAction\",\"target\":{\"@type\":\"EntryPoint\",\"urlTemplate\":\"https:\\\/\\\/neurobiodiversidade.org\\\/?s={search_term_string}\"},\"query-input\":{\"@type\":\"PropertyValueSpecification\",\"valueRequired\":true,\"valueName\":\"search_term_string\"}}],\"inLanguage\":\"en-US\"},{\"@type\":\"Organization\",\"@id\":\"https:\\\/\\\/neurobiodiversidade.org\\\/#organization\",\"name\":\"neurobiodiversidade.org\",\"alternateName\":\"RBNB\",\"url\":\"https:\\\/\\\/neurobiodiversidade.org\\\/\",\"logo\":{\"@type\":\"ImageObject\",\"inLanguage\":\"en-US\",\"@id\":\"https:\\\/\\\/neurobiodiversidade.org\\\/#\\\/schema\\\/logo\\\/image\\\/\",\"url\":\"https:\\\/\\\/neurobiodiversidade.org\\\/wp-content\\\/uploads\\\/2024\\\/07\\\/RBNB_colorida_PNG-1.svg\",\"contentUrl\":\"https:\\\/\\\/neurobiodiversidade.org\\\/wp-content\\\/uploads\\\/2024\\\/07\\\/RBNB_colorida_PNG-1.svg\",\"width\":321,\"height\":157,\"caption\":\"neurobiodiversidade.org\"},\"image\":{\"@id\":\"https:\\\/\\\/neurobiodiversidade.org\\\/#\\\/schema\\\/logo\\\/image\\\/\"}}]}<\/script>\n<!-- \/ Yoast SEO plugin. -->","yoast_head_json":{"title":"Biblioteca - neurobiodiversidade.org","robots":{"index":"index","follow":"follow","max-snippet":"max-snippet:-1","max-image-preview":"max-image-preview:large","max-video-preview":"max-video-preview:-1"},"canonical":"https:\/\/neurobiodiversidade.org\/en\/biblioteca\/","og_locale":"en_US","og_type":"article","og_title":"Biblioteca - neurobiodiversidade.org","og_description":"Explore os arquivos A maior cole\u00e7\u00e3o de c\u00e9rebros de cet\u00e1ceos da Am\u00e9rica Latina","og_url":"https:\/\/neurobiodiversidade.org\/en\/biblioteca\/","og_site_name":"neurobiodiversidade.org","article_modified_time":"2024-07-14T18:38:30+00:00","og_image":[{"width":512,"height":512,"url":"https:\/\/neurobiodiversidade.org\/wp-content\/uploads\/2024\/07\/cropped-fav.jpg","type":"image\/jpeg"}],"twitter_card":"summary_large_image","twitter_misc":{"Est. reading time":"1 minute"},"schema":{"@context":"https:\/\/schema.org","@graph":[{"@type":"WebPage","@id":"https:\/\/neurobiodiversidade.org\/biblioteca\/","url":"https:\/\/neurobiodiversidade.org\/biblioteca\/","name":"Biblioteca - neurobiodiversidade.org","isPartOf":{"@id":"https:\/\/neurobiodiversidade.org\/#website"},"datePublished":"2024-07-10T19:36:43+00:00","dateModified":"2024-07-14T18:38:30+00:00","breadcrumb":{"@id":"https:\/\/neurobiodiversidade.org\/biblioteca\/#breadcrumb"},"inLanguage":"en-US","potentialAction":[{"@type":"ReadAction","target":["https:\/\/neurobiodiversidade.org\/biblioteca\/"]}]},{"@type":"BreadcrumbList","@id":"https:\/\/neurobiodiversidade.org\/biblioteca\/#breadcrumb","itemListElement":[{"@type":"ListItem","position":1,"name":"In\u00edcio","item":"https:\/\/neurobiodiversidade.org\/"},{"@type":"ListItem","position":2,"name":"Biblioteca"}]},{"@type":"WebSite","@id":"https:\/\/neurobiodiversidade.org\/#website","url":"https:\/\/neurobiodiversidade.org\/","name":"neurobiodiversidade.org","description":"The largest collection of cetacean brains in Latin America","publisher":{"@id":"https:\/\/neurobiodiversidade.org\/#organization"},"potentialAction":[{"@type":"SearchAction","target":{"@type":"EntryPoint","urlTemplate":"https:\/\/neurobiodiversidade.org\/?s={search_term_string}"},"query-input":{"@type":"PropertyValueSpecification","valueRequired":true,"valueName":"search_term_string"}}],"inLanguage":"en-US"},{"@type":"Organization","@id":"https:\/\/neurobiodiversidade.org\/#organization","name":"neurobiodiversidade.org","alternateName":"RBNB","url":"https:\/\/neurobiodiversidade.org\/","logo":{"@type":"ImageObject","inLanguage":"en-US","@id":"https:\/\/neurobiodiversidade.org\/#\/schema\/logo\/image\/","url":"https:\/\/neurobiodiversidade.org\/wp-content\/uploads\/2024\/07\/RBNB_colorida_PNG-1.svg","contentUrl":"https:\/\/neurobiodiversidade.org\/wp-content\/uploads\/2024\/07\/RBNB_colorida_PNG-1.svg","width":321,"height":157,"caption":"neurobiodiversidade.org"},"image":{"@id":"https:\/\/neurobiodiversidade.org\/#\/schema\/logo\/image\/"}}]}},"_links":{"self":[{"href":"https:\/\/neurobiodiversidade.org\/en\/wp-json\/wp\/v2\/pages\/1686","targetHints":{"allow":["GET"]}}],"collection":[{"href":"https:\/\/neurobiodiversidade.org\/en\/wp-json\/wp\/v2\/pages"}],"about":[{"href":"https:\/\/neurobiodiversidade.org\/en\/wp-json\/wp\/v2\/types\/page"}],"author":[{"embeddable":true,"href":"https:\/\/neurobiodiversidade.org\/en\/wp-json\/wp\/v2\/users\/1"}],"replies":[{"embeddable":true,"href":"https:\/\/neurobiodiversidade.org\/en\/wp-json\/wp\/v2\/comments?post=1686"}],"version-history":[{"count":58,"href":"https:\/\/neurobiodiversidade.org\/en\/wp-json\/wp\/v2\/pages\/1686\/revisions"}],"predecessor-version":[{"id":2651,"href":"https:\/\/neurobiodiversidade.org\/en\/wp-json\/wp\/v2\/pages\/1686\/revisions\/2651"}],"wp:attachment":[{"href":"https:\/\/neurobiodiversidade.org\/en\/wp-json\/wp\/v2\/media?parent=1686"}],"curies":[{"name":"wp","href":"https:\/\/api.w.org\/{rel}","templated":true}]}}